{"id":1273,"date":"2025-10-15T15:37:23","date_gmt":"2025-10-15T15:37:23","guid":{"rendered":"https:\/\/vitalicare.cl\/sitio\/?page_id=1273"},"modified":"2025-12-16T06:05:07","modified_gmt":"2025-12-16T06:05:07","slug":"formas-pago","status":"publish","type":"page","link":"https:\/\/vitalicare.cl\/sitio\/formas-pago\/","title":{"rendered":"Formas de Pago"},"content":{"rendered":"\t\t<div data-elementor-type=\"wp-page\" data-elementor-id=\"1273\" class=\"elementor elementor-1273\" data-elementor-post-type=\"page\">\n\t\t\t\t\t\t<section class=\"elementor-section elementor-top-section elementor-element elementor-element-76577ab elementor-section-boxed elementor-section-height-default elementor-section-height-default\" data-id=\"76577ab\" data-element_type=\"section\" data-settings=\"{&quot;jet_parallax_layout_list&quot;:[{&quot;jet_parallax_layout_image&quot;:{&quot;url&quot;:&quot;&quot;,&quot;id&quot;:&quot;&quot;,&quot;size&quot;:&quot;&quot;},&quot;_id&quot;:&quot;5d81e31&quot;,&quot;jet_parallax_layout_image_tablet&quot;:{&quot;url&quot;:&quot;&quot;,&quot;id&quot;:&quot;&quot;,&quot;size&quot;:&quot;&quot;},&quot;jet_parallax_layout_image_mobile&quot;:{&quot;url&quot;:&quot;&quot;,&quot;id&quot;:&quot;&quot;,&quot;size&quot;:&quot;&quot;},&quot;jet_parallax_layout_speed&quot;:{&quot;unit&quot;:&quot;%&quot;,&quot;size&quot;:50,&quot;sizes&quot;:[]},&quot;jet_parallax_layout_type&quot;:&quot;scroll&quot;,&quot;jet_parallax_layout_direction&quot;:&quot;1&quot;,&quot;jet_parallax_layout_fx_direction&quot;:null,&quot;jet_parallax_layout_z_index&quot;:&quot;&quot;,&quot;jet_parallax_layout_bg_x&quot;:50,&quot;jet_parallax_layout_bg_x_tablet&quot;:&quot;&quot;,&quot;jet_parallax_layout_bg_x_mobile&quot;:&quot;&quot;,&quot;jet_parallax_layout_bg_y&quot;:50,&quot;jet_parallax_layout_bg_y_tablet&quot;:&quot;&quot;,&quot;jet_parallax_layout_bg_y_mobile&quot;:&quot;&quot;,&quot;jet_parallax_layout_bg_size&quot;:&quot;auto&quot;,&quot;jet_parallax_layout_bg_size_tablet&quot;:&quot;&quot;,&quot;jet_parallax_layout_bg_size_mobile&quot;:&quot;&quot;,&quot;jet_parallax_layout_animation_prop&quot;:&quot;transform&quot;,&quot;jet_parallax_layout_on&quot;:[&quot;desktop&quot;,&quot;tablet&quot;]}]}\">\n\t\t\t\t\t\t<div class=\"elementor-container elementor-column-gap-default\">\n\t\t\t\t\t<div class=\"elementor-column elementor-col-100 elementor-top-column elementor-element elementor-element-20d9957\" data-id=\"20d9957\" data-element_type=\"column\">\n\t\t\t<div class=\"elementor-widget-wrap elementor-element-populated\">\n\t\t\t\t\t\t<div class=\"elementor-element elementor-element-54cc720 elementor-widget elementor-widget-text-editor\" data-id=\"54cc720\" data-element_type=\"widget\" data-widget_type=\"text-editor.default\">\n\t\t\t\t\t\t\t\t\t<p>facilidades de pago<\/p>\t\t\t\t\t\t\t\t<\/div>\n\t\t\t\t<div class=\"elementor-element elementor-element-32cf7e8 elementor-widget elementor-widget-heading\" data-id=\"32cf7e8\" data-element_type=\"widget\" data-widget_type=\"heading.default\">\n\t\t\t\t\t<h1 class=\"elementor-heading-title elementor-size-default\">Formas de Pago.<\/h1>\t\t\t\t<\/div>\n\t\t\t\t<div class=\"elementor-element elementor-element-7afba43 elementor-widget elementor-widget-text-editor\" data-id=\"7afba43\" data-element_type=\"widget\" data-widget_type=\"text-editor.default\">\n\t\t\t\t\t\t\t\t\t<h3 class=\"_7ATl0g aZskFA u16U_g mKhvSg\">Opciones de Pago para Nuestros Tratamientos.<\/h3><p>En nuestra cl\u00ednica, nos esforzamos por ofrecer opciones de pago flexibles y convenientes para garantizar que nuestros pacientes puedan acceder a los tratamientos que necesitan sin preocupaciones adicionales. A continuaci\u00f3n, presentamos las distintas formas de pago disponibles:<\/p>\t\t\t\t\t\t\t\t<\/div>\n\t\t\t\t\t<\/div>\n\t\t<\/div>\n\t\t\t\t\t<\/div>\n\t\t<\/section>\n\t\t<div class=\"elementor-element elementor-element-4cdaf45 e-flex e-con-boxed e-con e-parent\" data-id=\"4cdaf45\" data-element_type=\"container\" data-settings=\"{&quot;jet_parallax_layout_list&quot;:[]}\">\n\t\t\t\t\t<div class=\"e-con-inner\">\n\t\t\t\t<div class=\"elementor-element elementor-element-3d08d35 elementor-widget elementor-widget-jet-banner\" data-id=\"3d08d35\" data-element_type=\"widget\" data-widget_type=\"jet-banner.default\">\n\t\t\t\t<div class=\"elementor-widget-container\">\n\t\t\t\t\t<div class=\"elementor-jet-banner jet-elements\"><figure class=\"jet-banner jet-effect-lily\"><div class=\"jet-banner__overlay\"><\/div><img decoding=\"async\" src=\"https:\/\/vitalicare.cl\/sitio\/wp-content\/uploads\/2025\/11\/Banner-medios-de-pago-Web-vitalicare-TAMANO-PARA-TELEFONO-min.jpg\" alt=\"Banner medios de pago Web vitalicare (TAMAN\u0303O PARA TELEFONO)-min\" width=\"100%\" height=\"100%\" class=\"jet-banner__img\"><figcaption class=\"jet-banner__content\"><div class=\"jet-banner__content-wrap\"><\/div><\/figcaption><\/figure>\n<\/div>\t\t\t\t<\/div>\n\t\t\t\t<\/div>\n\t\t\t\t\t<\/div>\n\t\t\t\t<\/div>\n\t\t<div class=\"elementor-element elementor-element-824d9ec e-flex e-con-boxed e-con e-parent\" data-id=\"824d9ec\" data-element_type=\"container\" data-settings=\"{&quot;jet_parallax_layout_list&quot;:[]}\">\n\t\t\t\t\t<div class=\"e-con-inner\">\n\t\t\t\t<div class=\"elementor-element elementor-element-20cbf2e elementor-widget elementor-widget-text-editor\" data-id=\"20cbf2e\" data-element_type=\"widget\" data-widget_type=\"text-editor.default\">\n\t\t\t\t\t\t\t\t\t<h3 class=\"_5Gynyg aZskFA u16U_g mKhvSg\">M\u00e9todos de Pago Aceptados<\/h3>\t\t\t\t\t\t\t\t<\/div>\n\t\t\t\t<div class=\"elementor-element elementor-element-e1b8881 elementor-widget elementor-widget-text-editor\" data-id=\"e1b8881\" data-element_type=\"widget\" data-widget_type=\"text-editor.default\">\n\t\t\t\t\t\t\t\t\t<p>Puedes pagar tus tratamientos con efectivo, trasferencia electr\u00f3nica, tarjetas de debito y cr\u00e9dito. Contamos con convenio de 3 cuotas precio contado con tarjetas de cr\u00e9dito.<\/p>\t\t\t\t\t\t\t\t<\/div>\n\t\t\t\t\t<\/div>\n\t\t\t\t<\/div>\n\t\t<div class=\"elementor-element elementor-element-576051e e-flex e-con-boxed e-con e-parent\" data-id=\"576051e\" data-element_type=\"container\" data-settings=\"{&quot;jet_parallax_layout_list&quot;:[]}\">\n\t\t\t\t\t<div class=\"e-con-inner\">\n\t\t<div class=\"elementor-element elementor-element-36fe6c4 e-con-full e-flex e-con e-child\" data-id=\"36fe6c4\" data-element_type=\"container\" data-settings=\"{&quot;jet_parallax_layout_list&quot;:[]}\">\n\t\t\t\t<\/div>\n\t\t<div class=\"elementor-element elementor-element-7f75e23 e-con-full e-flex e-con e-child\" data-id=\"7f75e23\" data-element_type=\"container\" data-settings=\"{&quot;jet_parallax_layout_list&quot;:[]}\">\n\t\t\t\t<\/div>\n\t\t\t\t\t<\/div>\n\t\t\t\t<\/div>\n\t\t<div class=\"elementor-element elementor-element-1cccad3 e-flex e-con-boxed e-con e-parent\" data-id=\"1cccad3\" data-element_type=\"container\" data-settings=\"{&quot;jet_parallax_layout_list&quot;:[]}\">\n\t\t\t\t\t<div class=\"e-con-inner\">\n\t\t<div class=\"elementor-element elementor-element-f3f279c e-con-full e-flex e-con e-child\" data-id=\"f3f279c\" data-element_type=\"container\" data-settings=\"{&quot;jet_parallax_layout_list&quot;:[]}\">\n\t\t\t\t<div class=\"elementor-element elementor-element-f0e0026 elementor-widget elementor-widget-image\" data-id=\"f0e0026\" data-element_type=\"widget\" data-widget_type=\"image.default\">\n\t\t\t\t\t\t\t\t\t\t\t\t\t\t\t<img fetchpriority=\"high\" decoding=\"async\" width=\"500\" height=\"333\" src=\"https:\/\/vitalicare.cl\/sitio\/wp-content\/uploads\/2025\/10\/Three_credit_cards-_Visa_Mastercard_and_American_Express_close-up_on_logos.jpg\" class=\"attachment-large size-large wp-image-1274\" alt=\"\" srcset=\"https:\/\/vitalicare.cl\/sitio\/wp-content\/uploads\/2025\/10\/Three_credit_cards-_Visa_Mastercard_and_American_Express_close-up_on_logos.jpg 500w, https:\/\/vitalicare.cl\/sitio\/wp-content\/uploads\/2025\/10\/Three_credit_cards-_Visa_Mastercard_and_American_Express_close-up_on_logos-300x200.jpg 300w\" sizes=\"(max-width: 500px) 100vw, 500px\" \/>\t\t\t\t\t\t\t\t\t\t\t\t\t\t\t<\/div>\n\t\t\t\t<\/div>\n\t\t<div class=\"elementor-element elementor-element-042259d e-con-full e-flex e-con e-child\" data-id=\"042259d\" data-element_type=\"container\" data-settings=\"{&quot;jet_parallax_layout_list&quot;:[]}\">\n\t\t\t\t<div class=\"elementor-element elementor-element-d0c62f4 elementor-widget elementor-widget-heading\" data-id=\"d0c62f4\" data-element_type=\"widget\" data-widget_type=\"heading.default\">\n\t\t\t\t\t<h2 class=\"elementor-heading-title elementor-size-default\">Paga con tu tarjeta de cr\u00e9dito<\/h2>\t\t\t\t<\/div>\n\t\t\t\t<div class=\"elementor-element elementor-element-5d05921 elementor-widget elementor-widget-text-editor\" data-id=\"5d05921\" data-element_type=\"widget\" data-widget_type=\"text-editor.default\">\n\t\t\t\t\t\t\t\t\t<p>Puedes cancelar con tu tarjeta de cr\u00e9dito favorita, en cuotas precio contado de acuerdo a la oferta vigente de tu banco.<\/p>\t\t\t\t\t\t\t\t<\/div>\n\t\t\t\t<\/div>\n\t\t\t\t\t<\/div>\n\t\t\t\t<\/div>\n\t\t<div class=\"elementor-element elementor-element-42ad3a0 e-flex e-con-boxed e-con e-parent\" data-id=\"42ad3a0\" data-element_type=\"container\" data-settings=\"{&quot;jet_parallax_layout_list&quot;:[]}\">\n\t\t\t\t\t<div class=\"e-con-inner\">\n\t\t<div class=\"elementor-element elementor-element-1c3f94c e-con-full e-flex e-con e-child\" data-id=\"1c3f94c\" data-element_type=\"container\" data-settings=\"{&quot;jet_parallax_layout_list&quot;:[]}\">\n\t\t\t\t<div class=\"elementor-element elementor-element-cc2b392 elementor-widget elementor-widget-image\" data-id=\"cc2b392\" data-element_type=\"widget\" data-widget_type=\"image.default\">\n\t\t\t\t\t\t\t\t\t\t\t\t\t\t\t<img decoding=\"async\" width=\"967\" height=\"539\" src=\"https:\/\/vitalicare.cl\/sitio\/wp-content\/uploads\/2025\/10\/GIFT-CARD-copia.jpg\" class=\"attachment-large size-large wp-image-1325\" alt=\"\" srcset=\"https:\/\/vitalicare.cl\/sitio\/wp-content\/uploads\/2025\/10\/GIFT-CARD-copia.jpg 967w, https:\/\/vitalicare.cl\/sitio\/wp-content\/uploads\/2025\/10\/GIFT-CARD-copia-300x167.jpg 300w, https:\/\/vitalicare.cl\/sitio\/wp-content\/uploads\/2025\/10\/GIFT-CARD-copia-768x428.jpg 768w, https:\/\/vitalicare.cl\/sitio\/wp-content\/uploads\/2025\/10\/GIFT-CARD-copia-150x85.jpg 150w, https:\/\/vitalicare.cl\/sitio\/wp-content\/uploads\/2025\/10\/GIFT-CARD-copia-600x334.jpg 600w\" sizes=\"(max-width: 967px) 100vw, 967px\" \/>\t\t\t\t\t\t\t\t\t\t\t\t\t\t\t<\/div>\n\t\t\t\t<\/div>\n\t\t<div class=\"elementor-element elementor-element-6a133f7 e-con-full e-flex e-con e-child\" data-id=\"6a133f7\" data-element_type=\"container\" data-settings=\"{&quot;jet_parallax_layout_list&quot;:[]}\">\n\t\t\t\t<div class=\"elementor-element elementor-element-04e4254 elementor-widget elementor-widget-heading\" data-id=\"04e4254\" data-element_type=\"widget\" data-widget_type=\"heading.default\">\n\t\t\t\t\t<h2 class=\"elementor-heading-title elementor-size-default\">Promociones a nuestros clientes<\/h2>\t\t\t\t<\/div>\n\t\t\t\t<div class=\"elementor-element elementor-element-a7ff719 elementor-widget elementor-widget-text-editor\" data-id=\"a7ff719\" data-element_type=\"widget\" data-widget_type=\"text-editor.default\">\n\t\t\t\t\t\t\t\t\t<h3 class=\"_7ATl0g aZskFA u16U_g mKhvSg\">Descuentos Especiales para Nuestros Pacientes<\/h3><p class=\"aWBg0w aZskFA u16U_g mKhvSg\">En nuestra cl\u00ednica est\u00e9tica, nos enorgullece ofrecer una variedad de tratamientos dise\u00f1ados para mejorar la belleza y el bienestar de nuestros pacientes. Entendemos que muchos de nuestros pacientes buscan m\u00faltiples tratamientos para lograr sus objetivos est\u00e9ticos, y por eso hemos implementado un sistema de descuentos especiales para aquellos que eligen m\u00e1s de un tratamiento<\/p>\t\t\t\t\t\t\t\t<\/div>\n\t\t\t\t<\/div>\n\t\t\t\t\t<\/div>\n\t\t\t\t<\/div>\n\t\t<div class=\"elementor-element elementor-element-dfe517a e-flex e-con-boxed e-con e-parent\" data-id=\"dfe517a\" data-element_type=\"container\" data-settings=\"{&quot;jet_parallax_layout_list&quot;:[]}\">\n\t\t\t\t\t<div class=\"e-con-inner\">\n\t\t\t\t<div class=\"elementor-element elementor-element-9c782bb elementor-widget elementor-widget-heading\" data-id=\"9c782bb\" data-element_type=\"widget\" data-widget_type=\"heading.default\">\n\t\t\t\t\t<h2 class=\"elementor-heading-title elementor-size-default\">Valores<\/h2>\t\t\t\t<\/div>\n\t\t\t\t\t<\/div>\n\t\t\t\t<\/div>\n\t\t<div class=\"elementor-element elementor-element-310c24f e-flex e-con-boxed e-con e-parent\" data-id=\"310c24f\" data-element_type=\"container\" data-settings=\"{&quot;jet_parallax_layout_list&quot;:[]}\">\n\t\t\t\t\t<div class=\"e-con-inner\">\n\t\t\t\t<div class=\"elementor-element elementor-element-bde8518 elementor-widget elementor-widget-text-editor\" data-id=\"bde8518\" data-element_type=\"widget\" data-widget_type=\"text-editor.default\">\n\t\t\t\t\t\t\t\t\t<h3><span style=\"letter-spacing: 0px;\">\ud83d\udc96 \u00a1Descubre nuestros valores en Criolip\u00f3lisis!<\/span><\/h3><p>Porque cada cuerpo es \u00fanico, elige el plan que mejor se adapte a ti y alcanza tus objetivos de forma segura, c\u00f3moda y efectiva \u2728<\/p><p>\ud83c\udf38 2 aplicadores: $59.990<br \/>\ud83c\udf38 4 aplicadores: $110.000<br \/>\ud83c\udf38 6 aplicadores (abdomen completo): $159.990<br \/>\u2728 Tecnolog\u00eda no invasiva<br \/>\u2728 Resultados visibles desde las primeras sesiones<br \/>\u2728 Atenci\u00f3n personalizada con profesionales que te acompa\u00f1an en todo el proceso<br \/>\ud83d\udc86\u200d\u2640\ufe0f \u00a1Tu cambio comienza hoy!<\/p>\t\t\t\t\t\t\t\t<\/div>\n\t\t\t\t\t<\/div>\n\t\t\t\t<\/div>\n\t\t<div class=\"elementor-element elementor-element-53d24e9 e-flex e-con-boxed e-con e-parent\" data-id=\"53d24e9\" data-element_type=\"container\" data-settings=\"{&quot;jet_parallax_layout_list&quot;:[]}\">\n\t\t\t\t\t<div class=\"e-con-inner\">\n\t\t\t\t<div class=\"elementor-element elementor-element-69834d0 elementor-widget elementor-widget-text-editor\" data-id=\"69834d0\" data-element_type=\"widget\" data-widget_type=\"text-editor.default\">\n\t\t\t\t\t\t\t\t\t<h3>Valor de la Radiofreuencia:<\/h3><p>\ud83d\udc86\ud83c\udffb\u200d\u2640\ufe0f\u2728 Rejuvenece tu piel con Radiofrecuencia Facial<br \/>Ideal para atenuar arrugas, l\u00edneas de expresi\u00f3n y devolverle firmeza a tu rostro \ud83d\udc96<br \/>\ud83c\udf38 Pack 8 sesiones: $150.000<br \/>\ud83c\udf38 Sesi\u00f3n individual: $20.000<\/p><p>\u2714\ufe0f Tratamiento no invasivo<br \/>\u2714\ufe0f Resultados visibles desde las primeras sesiones<br \/>\u2714\ufe0f Relajante y efectivo<br \/>\u00a1Tu piel m\u00e1s firme, luminosa y renovada!<\/p>\t\t\t\t\t\t\t\t<\/div>\n\t\t\t\t\t<\/div>\n\t\t\t\t<\/div>\n\t\t<div class=\"elementor-element elementor-element-9fb86e4 e-flex e-con-boxed e-con e-parent\" data-id=\"9fb86e4\" data-element_type=\"container\" data-settings=\"{&quot;jet_parallax_layout_list&quot;:[]}\">\n\t\t\t\t\t<div class=\"e-con-inner\">\n\t\t\t\t\t<\/div>\n\t\t\t\t<\/div>\n\t\t<div class=\"elementor-element elementor-element-4dc603e e-flex e-con-boxed e-con e-parent\" data-id=\"4dc603e\" data-element_type=\"container\" data-settings=\"{&quot;jet_parallax_layout_list&quot;:[]}\">\n\t\t\t\t\t<div class=\"e-con-inner\">\n\t\t\t\t\t<\/div>\n\t\t\t\t<\/div>\n\t\t\t\t<\/div>\n\t\t","protected":false},"excerpt":{"rendered":"<p>facilidades de pago Formas de Pago. Opciones de Pago para Nuestros Tratamientos. En nuestra cl\u00ednica, nos esforzamos por ofrecer opciones de pago flexibles y convenientes para garantizar que nuestros pacientes puedan acceder a los tratamientos que necesitan sin preocupaciones adicionales. A continuaci\u00f3n, presentamos las distintas formas de pago disponibles: M\u00e9todos de Pago Aceptados Puedes pagar [&hellip;]<\/p>\n","protected":false},"author":1,"featured_media":0,"parent":0,"menu_order":0,"comment_status":"closed","ping_status":"closed","template":"elementor_header_footer","meta":{"pagelayer_contact_templates":[],"_pagelayer_content":"","footnotes":""},"class_list":["post-1273","page","type-page","status-publish","hentry"],"_links":{"self":[{"href":"https:\/\/vitalicare.cl\/sitio\/wp-json\/wp\/v2\/pages\/1273","targetHints":{"allow":["GET"]}}],"collection":[{"href":"https:\/\/vitalicare.cl\/sitio\/wp-json\/wp\/v2\/pages"}],"about":[{"href":"https:\/\/vitalicare.cl\/sitio\/wp-json\/wp\/v2\/types\/page"}],"author":[{"embeddable":true,"href":"https:\/\/vitalicare.cl\/sitio\/wp-json\/wp\/v2\/users\/1"}],"replies":[{"embeddable":true,"href":"https:\/\/vitalicare.cl\/sitio\/wp-json\/wp\/v2\/comments?post=1273"}],"version-history":[{"count":26,"href":"https:\/\/vitalicare.cl\/sitio\/wp-json\/wp\/v2\/pages\/1273\/revisions"}],"predecessor-version":[{"id":1749,"href":"https:\/\/vitalicare.cl\/sitio\/wp-json\/wp\/v2\/pages\/1273\/revisions\/1749"}],"wp:attachment":[{"href":"https:\/\/vitalicare.cl\/sitio\/wp-json\/wp\/v2\/media?parent=1273"}],"curies":[{"name":"wp","href":"https:\/\/api.w.org\/{rel}","templated":true}]}}