{"id":1068,"date":"2025-09-15T13:02:09","date_gmt":"2025-09-15T13:02:09","guid":{"rendered":"https:\/\/ld-wp73.template-help.com\/monstroid2\/skins\/glamoursy\/?page_id=1068"},"modified":"2025-12-02T04:59:04","modified_gmt":"2025-12-02T04:59:04","slug":"aromaterapia","status":"publish","type":"page","link":"https:\/\/vitalicare.cl\/sitio\/home\/aromaterapia\/","title":{"rendered":"Aromaterapia"},"content":{"rendered":"\t\t<div data-elementor-type=\"wp-page\" data-elementor-id=\"1068\" class=\"elementor elementor-1068\" data-elementor-post-type=\"page\">\n\t\t\t\t\t\t<section class=\"elementor-section elementor-top-section elementor-element elementor-element-76577ab elementor-section-boxed elementor-section-height-default elementor-section-height-default\" data-id=\"76577ab\" data-element_type=\"section\" data-settings=\"{&quot;jet_parallax_layout_list&quot;:[{&quot;jet_parallax_layout_image&quot;:{&quot;url&quot;:&quot;&quot;,&quot;id&quot;:&quot;&quot;,&quot;size&quot;:&quot;&quot;},&quot;_id&quot;:&quot;5d81e31&quot;,&quot;jet_parallax_layout_image_tablet&quot;:{&quot;url&quot;:&quot;&quot;,&quot;id&quot;:&quot;&quot;,&quot;size&quot;:&quot;&quot;},&quot;jet_parallax_layout_image_mobile&quot;:{&quot;url&quot;:&quot;&quot;,&quot;id&quot;:&quot;&quot;,&quot;size&quot;:&quot;&quot;},&quot;jet_parallax_layout_speed&quot;:{&quot;unit&quot;:&quot;%&quot;,&quot;size&quot;:50,&quot;sizes&quot;:[]},&quot;jet_parallax_layout_type&quot;:&quot;scroll&quot;,&quot;jet_parallax_layout_direction&quot;:&quot;1&quot;,&quot;jet_parallax_layout_fx_direction&quot;:null,&quot;jet_parallax_layout_z_index&quot;:&quot;&quot;,&quot;jet_parallax_layout_bg_x&quot;:50,&quot;jet_parallax_layout_bg_x_tablet&quot;:&quot;&quot;,&quot;jet_parallax_layout_bg_x_mobile&quot;:&quot;&quot;,&quot;jet_parallax_layout_bg_y&quot;:50,&quot;jet_parallax_layout_bg_y_tablet&quot;:&quot;&quot;,&quot;jet_parallax_layout_bg_y_mobile&quot;:&quot;&quot;,&quot;jet_parallax_layout_bg_size&quot;:&quot;auto&quot;,&quot;jet_parallax_layout_bg_size_tablet&quot;:&quot;&quot;,&quot;jet_parallax_layout_bg_size_mobile&quot;:&quot;&quot;,&quot;jet_parallax_layout_animation_prop&quot;:&quot;transform&quot;,&quot;jet_parallax_layout_on&quot;:[&quot;desktop&quot;,&quot;tablet&quot;]}]}\">\n\t\t\t\t\t\t<div class=\"elementor-container elementor-column-gap-default\">\n\t\t\t\t\t<div class=\"elementor-column elementor-col-100 elementor-top-column elementor-element elementor-element-20d9957\" data-id=\"20d9957\" data-element_type=\"column\">\n\t\t\t<div class=\"elementor-widget-wrap elementor-element-populated\">\n\t\t\t\t\t\t<div class=\"elementor-element elementor-element-54cc720 elementor-widget elementor-widget-text-editor\" data-id=\"54cc720\" data-element_type=\"widget\" data-widget_type=\"text-editor.default\">\n\t\t\t\t\t\t\t\t\t<p>Damos valor agregado a nuestros tratamientos<\/p>\t\t\t\t\t\t\t\t<\/div>\n\t\t\t\t<div class=\"elementor-element elementor-element-32cf7e8 elementor-widget elementor-widget-heading\" data-id=\"32cf7e8\" data-element_type=\"widget\" data-widget_type=\"heading.default\">\n\t\t\t\t\t<h1 class=\"elementor-heading-title elementor-size-default\">Aromaterapia<\/h1>\t\t\t\t<\/div>\n\t\t\t\t<div class=\"elementor-element elementor-element-7afba43 elementor-widget elementor-widget-text-editor\" data-id=\"7afba43\" data-element_type=\"widget\" data-widget_type=\"text-editor.default\">\n\t\t\t\t\t\t\t\t\t<p>En nuestra cl\u00ednica, hemos incorporado esta t\u00e9cnica en todos nuestros tratamientos debido a sus m\u00faltiples beneficios.<\/p>\t\t\t\t\t\t\t\t<\/div>\n\t\t\t\t\t<\/div>\n\t\t<\/div>\n\t\t\t\t\t<\/div>\n\t\t<\/section>\n\t\t\t\t<section class=\"elementor-section elementor-top-section elementor-element elementor-element-6a8a1e4 elementor-section-boxed elementor-section-height-default elementor-section-height-default\" data-id=\"6a8a1e4\" data-element_type=\"section\" data-settings=\"{&quot;jet_parallax_layout_list&quot;:[{&quot;jet_parallax_layout_image&quot;:{&quot;url&quot;:&quot;&quot;,&quot;id&quot;:&quot;&quot;,&quot;size&quot;:&quot;&quot;},&quot;_id&quot;:&quot;a1bc9d6&quot;,&quot;jet_parallax_layout_image_tablet&quot;:{&quot;url&quot;:&quot;&quot;,&quot;id&quot;:&quot;&quot;,&quot;size&quot;:&quot;&quot;},&quot;jet_parallax_layout_image_mobile&quot;:{&quot;url&quot;:&quot;&quot;,&quot;id&quot;:&quot;&quot;,&quot;size&quot;:&quot;&quot;},&quot;jet_parallax_layout_speed&quot;:{&quot;unit&quot;:&quot;%&quot;,&quot;size&quot;:50,&quot;sizes&quot;:[]},&quot;jet_parallax_layout_type&quot;:&quot;scroll&quot;,&quot;jet_parallax_layout_direction&quot;:&quot;1&quot;,&quot;jet_parallax_layout_fx_direction&quot;:null,&quot;jet_parallax_layout_z_index&quot;:&quot;&quot;,&quot;jet_parallax_layout_bg_x&quot;:50,&quot;jet_parallax_layout_bg_x_tablet&quot;:&quot;&quot;,&quot;jet_parallax_layout_bg_x_mobile&quot;:&quot;&quot;,&quot;jet_parallax_layout_bg_y&quot;:50,&quot;jet_parallax_layout_bg_y_tablet&quot;:&quot;&quot;,&quot;jet_parallax_layout_bg_y_mobile&quot;:&quot;&quot;,&quot;jet_parallax_layout_bg_size&quot;:&quot;auto&quot;,&quot;jet_parallax_layout_bg_size_tablet&quot;:&quot;&quot;,&quot;jet_parallax_layout_bg_size_mobile&quot;:&quot;&quot;,&quot;jet_parallax_layout_animation_prop&quot;:&quot;transform&quot;,&quot;jet_parallax_layout_on&quot;:[&quot;desktop&quot;,&quot;tablet&quot;]}]}\">\n\t\t\t\t\t\t<div class=\"elementor-container elementor-column-gap-default\">\n\t\t\t\t\t<div class=\"elementor-column elementor-col-50 elementor-top-column elementor-element elementor-element-0cc65f8\" data-id=\"0cc65f8\" data-element_type=\"column\">\n\t\t\t<div class=\"elementor-widget-wrap elementor-element-populated\">\n\t\t\t\t\t\t<div class=\"elementor-element elementor-element-cefc95d elementor-widget elementor-widget-image\" data-id=\"cefc95d\" data-element_type=\"widget\" data-widget_type=\"image.default\">\n\t\t\t\t\t\t\t\t\t\t\t\t\t\t\t<img fetchpriority=\"high\" decoding=\"async\" width=\"694\" height=\"904\" src=\"https:\/\/vitalicare.cl\/sitio\/wp-content\/uploads\/2020\/08\/Group-449.png\" class=\"attachment-full size-full wp-image-153\" alt=\"Group 449\" srcset=\"https:\/\/vitalicare.cl\/sitio\/wp-content\/uploads\/2020\/08\/Group-449.png 694w, https:\/\/vitalicare.cl\/sitio\/wp-content\/uploads\/2020\/08\/Group-449-230x300.png 230w, https:\/\/vitalicare.cl\/sitio\/wp-content\/uploads\/2020\/08\/Group-449-600x782.png 600w\" sizes=\"(max-width: 694px) 100vw, 694px\" \/>\t\t\t\t\t\t\t\t\t\t\t\t\t\t\t<\/div>\n\t\t\t\t\t<\/div>\n\t\t<\/div>\n\t\t\t\t<div class=\"elementor-column elementor-col-50 elementor-top-column elementor-element elementor-element-2f2d5d0\" data-id=\"2f2d5d0\" data-element_type=\"column\">\n\t\t\t<div class=\"elementor-widget-wrap elementor-element-populated\">\n\t\t\t\t\t\t<div class=\"elementor-element elementor-element-9c315c0 elementor-widget elementor-widget-heading\" data-id=\"9c315c0\" data-element_type=\"widget\" data-widget_type=\"heading.default\">\n\t\t\t\t\t<div class=\"elementor-heading-title elementor-size-default\">Integramos la Aromaterapia en todos nuestros tratamientos<\/div>\t\t\t\t<\/div>\n\t\t\t\t<div class=\"elementor-element elementor-element-dcbecf8 elementor-widget__width-initial elementor-widget elementor-widget-text-editor\" data-id=\"dcbecf8\" data-element_type=\"widget\" data-widget_type=\"text-editor.default\">\n\t\t\t\t\t\t\t\t\t<p class=\"aWBg0w aZskFA u16U_g mKhvSg\">La aromaterapia es una pr\u00e1ctica ancestral que utiliza aceites esenciales naturales para mejorar el bienestar f\u00edsico, mental y emocional. En nuestra cl\u00ednica, hemos incorporado esta t\u00e9cnica en todos nuestros tratamientos debido a sus m\u00faltiples beneficios.<\/p><p class=\"aWBg0w aZskFA u16U_g mKhvSg\">En nuestra selecci\u00f3n de aceites esenciales, priorizamos la calidad y pureza para asegurar que nuestros clientes reciban los mejores beneficios posibles. Cada tratamiento es personalizado, eligiendo los aceites m\u00e1s adecuados para las necesidades individuales de cada persona.<\/p><p class=\"aWBg0w aZskFA u16U_g mKhvSg\">La integraci\u00f3n de la aromaterapia en nuestros tratamientos no solo enriquece la experiencia de nuestros clientes, sino que tambi\u00e9n apoya un enfoque hol\u00edstico del bienestar. \u00a1Esperamos que disfruten de los m\u00faltiples beneficios que esta pr\u00e1ctica maravillosa tiene para ofrecer!<\/p>\t\t\t\t\t\t\t\t<\/div>\n\t\t\t\t<div class=\"elementor-element elementor-element-9cfeb83 elementor-mobile-align-center elementor-align-center elementor-widget elementor-widget-button\" data-id=\"9cfeb83\" data-element_type=\"widget\" data-widget_type=\"button.default\">\n\t\t\t\t\t\t\t\t\t\t<a class=\"elementor-button elementor-button-link elementor-size-sm\" href=\"https:\/\/vitalicare.cl\/sitio\/reserva-hora\/\">\n\t\t\t\t\t\t<span class=\"elementor-button-content-wrapper\">\n\t\t\t\t\t\t\t\t\t<span class=\"elementor-button-text\">Reserva tu hora<\/span>\n\t\t\t\t\t<\/span>\n\t\t\t\t\t<\/a>\n\t\t\t\t\t\t\t\t<\/div>\n\t\t\t\t\t<\/div>\n\t\t<\/div>\n\t\t\t\t\t<\/div>\n\t\t<\/section>\n\t\t\t\t<\/div>\n\t\t","protected":false},"excerpt":{"rendered":"<p>Damos valor agregado a nuestros tratamientos Aromaterapia En nuestra cl\u00ednica, hemos incorporado esta t\u00e9cnica en todos nuestros tratamientos debido a sus m\u00faltiples beneficios. Integramos la Aromaterapia en todos nuestros tratamientos La aromaterapia es una pr\u00e1ctica ancestral que utiliza aceites esenciales naturales para mejorar el bienestar f\u00edsico, mental y emocional. En nuestra cl\u00ednica, hemos incorporado esta [&hellip;]<\/p>\n","protected":false},"author":1,"featured_media":0,"parent":1125,"menu_order":0,"comment_status":"closed","ping_status":"closed","template":"elementor_header_footer","meta":{"pagelayer_contact_templates":[],"_pagelayer_content":"","footnotes":""},"class_list":["post-1068","page","type-page","status-publish","hentry"],"_links":{"self":[{"href":"https:\/\/vitalicare.cl\/sitio\/wp-json\/wp\/v2\/pages\/1068","targetHints":{"allow":["GET"]}}],"collection":[{"href":"https:\/\/vitalicare.cl\/sitio\/wp-json\/wp\/v2\/pages"}],"about":[{"href":"https:\/\/vitalicare.cl\/sitio\/wp-json\/wp\/v2\/types\/page"}],"author":[{"embeddable":true,"href":"https:\/\/vitalicare.cl\/sitio\/wp-json\/wp\/v2\/users\/1"}],"replies":[{"embeddable":true,"href":"https:\/\/vitalicare.cl\/sitio\/wp-json\/wp\/v2\/comments?post=1068"}],"version-history":[{"count":11,"href":"https:\/\/vitalicare.cl\/sitio\/wp-json\/wp\/v2\/pages\/1068\/revisions"}],"predecessor-version":[{"id":1690,"href":"https:\/\/vitalicare.cl\/sitio\/wp-json\/wp\/v2\/pages\/1068\/revisions\/1690"}],"up":[{"embeddable":true,"href":"https:\/\/vitalicare.cl\/sitio\/wp-json\/wp\/v2\/pages\/1125"}],"wp:attachment":[{"href":"https:\/\/vitalicare.cl\/sitio\/wp-json\/wp\/v2\/media?parent=1068"}],"curies":[{"name":"wp","href":"https:\/\/api.w.org\/{rel}","templated":true}]}}